{"id":4762,"date":"2019-09-28T14:59:16","date_gmt":"2019-09-28T12:59:16","guid":{"rendered":"http:\/\/whowriteshistory.me\/?page_id=4762"},"modified":"2022-03-01T11:52:24","modified_gmt":"2022-03-01T10:52:24","slug":"community","status":"publish","type":"page","link":"https:\/\/whowriteshistory.me\/index.php\/community\/","title":{"rendered":"Netzwerk"},"content":{"rendered":"<p><em><strong>Who writes his_tory? <\/strong><\/em>sieht sich als Teil von Bewegungen und arbeitet eng mit anderen engagierten Schreiberinnen* und Gruppen zusammen, die interessiert sind am Austausch und an der strukturellen Einflussnahme auf Wikipedia. Wir suchen M\u00f6glichkeiten, auch kompliziertere Sachverhalte, Bilder und Biografien zu formulieren, zu st\u00e4rken und zu verankern und pl\u00e4dieren f\u00fcr gendergerechte und situationssensible Sprachen auf der online Enzyklop\u00e4die Wikipedia. Wir wollen eine diverse und solidarische Community von Schreibenden einschreiben und abbilden.<\/p>\n<p>Zurzeit sind wir am Aufbau und Teil eines feministischen, l\u00e4nder\u00fcbergreifenden deutschsprachigen Netzwerks namens <em>FemNetz: <\/em><em>FemNetz<\/em> nahm 2019 seinen Anfang bei einem ersten Netzwerktreffen aktiver Wikipedianer*innen im <a href=\"https:\/\/de.wikipedia.org\/wiki\/Bildwechsel\">Bildwechsel<\/a> in Hamburg, initiiert von <a href=\"https:\/\/de.wikipedia.org\/wiki\/Wikipedia:Who_writes_his_tory%3F\">Who writes his_tory?<\/a>. Dort begann f\u00fcr die deutschsprachige Wikipedia eine vielschichtige Kooperation, die an bisherige Projekte ankn\u00fcpft. Mit dem Ziel, sich vermehrt auszutauschen und sich gegenseitig strukturell zu st\u00e4rken. In der Folge organisierte die lose Gruppe ein weiteres Netzwerktreffen im Rahmen der <a href=\"https:\/\/de.wikipedia.org\/wiki\/Berlinale\">Berlinale<\/a> 2020 in Berlin.<\/p>\n<p>Aktive Gruppen des Netzwerks sind: <a href=\"https:\/\/de.wikipedia.org\/wiki\/Wikipedia:WomenEdit\">WomenEdit<\/a>, <a href=\"https:\/\/de.wikipedia.org\/wiki\/Wikipedia:Who_writes_his_tory%3F\">Who writes his_tory?<\/a> mit Verbindung zu <a href=\"https:\/\/de.wikipedia.org\/wiki\/Art%2BFeminism\">Art+Feminism<\/a>, Arbeitsgruppe <a href=\"https:\/\/de.wikipedia.org\/wiki\/Wikipedia:FIP\">Frauen in der Politik<\/a> (WP:FIP) und weitere Gruppierungen sowie einzelne engagierte Autor*innen vorwiegend aus Deutschland, \u00d6sterreich und der Schweiz (D-A-CH).<\/p>\n<p>Seit dem ersten Treffen in Hamburg (<a href=\"https:\/\/de.wikipedia.org\/wiki\/Wikipedia:Wikimedia_CH\/Edit-a-thon_-_Who_writes_his_tory%3F_Art_%26_Feminism#Event_Information_27.\u201329.9.2019_Bildwechsel_Hamburg\">September 2019<\/a>) und Berlin (<a href=\"https:\/\/de.wikipedia.org\/wiki\/Wikipedia:FilmFrauen\/Berlinale-Art%2BFeminism-Edit-a-thon\">Februar 2020<\/a>) wurden viele Frauen* nicht nur zu aktiven Wikipedia-Autor*innen motiviert, sondern es entstanden dar\u00fcber hinaus auch Gespr\u00e4chsformate und Engagements (Gespr\u00e4chsformat <a href=\"https:\/\/de.wikipedia.org\/wiki\/Wikipedia:60\">60 Minuten<\/a>, <a href=\"https:\/\/de.wikipedia.org\/wiki\/Wikipedia:Wikiprojekt_HassOnlineHarassment\">Edit-a-thon zu Online Harassment<\/a>), Beteiligung an Abstimmungen sowie regelm\u00e4\u00dfige communitybasierte Austausch- und Orgatreffen usw.<\/p>\n<h3><em>FemNetz 2022<\/em> findet online vom 28.-30. Januar 2022 statt. <a href=\"https:\/\/de.wikipedia.org\/wiki\/Wikipedia:WikiProjekt_FemNetz\/FemNetz_2022\">Hier geht es zur Veranstaltungsseite.<\/a><\/h3>\n<h3><em>FemNetz 2021<\/em> findet online vom 29.-31. Januar 2021\u00a0 statt. <a href=\"https:\/\/de.wikipedia.org\/wiki\/Wikipedia:FemNetz2021\">Hier geht es zur Veranstaltungsseite.<\/a><\/h3>\n<h3><em>Who writes his_tory?<\/em> arbeitete bisher zusammen mit:<\/h3>\n<ul>\n<li>Alle Anderen, Frankfurt<\/li>\n<li>Amerika Gedenkbibliothek, Berlin<\/li>\n<li><a href=\"http:\/\/www.artandfeminism.org\/\" target=\"_blank\" rel=\"noopener\">ART + FEMINISM <\/a><\/li>\n<li>Autorinnenkollektiv RAUF, Schweiz<\/li>\n<li>Berlinale, Berlin<\/li>\n<li><a href=\"http:\/\/bildwechsel.org\/\" target=\"_blank\" rel=\"noopener\">Bildwechsel<\/a>, Hamburg &amp; Basel<\/li>\n<li>Bridge Books, Johannesburg<\/li>\n<li><a href=\"http:\/\/www.femwiss.ch\/\">Femwiss <\/a><\/li>\n<li><a href=\"http:\/\/www.kasko.ch\/2012\/\" target=\"_blank\" rel=\"noopener\">Kaskadenkondensator<\/a>, Basel<\/li>\n<li>Keleketla! Library, Johannesburg<\/li>\n<li>Kinothek Asta Nielsen, Frankfurt<\/li>\n<li>Kurzfilmtage Winterthur<\/li>\n<li>Les sans pages<\/li>\n<li>MATERIAL, Z\u00fcrich<\/li>\n<li>Orlando Collective, Frankfurt<\/li>\n<li><a href=\"https:\/\/www.solothurnerfilmtage.ch\/\">Solothurner Filmtage<\/a><\/li>\n<li>Universit\u00e4t Mannheim (Elfriede-H\u00f6hn Fellowship)<\/li>\n<li><a href=\"https:\/\/meta.wikimedia.org\/wiki\/Women\">Wiki Women<\/a><\/li>\n<li><a href=\"https:\/\/www.wikimedia.ch\/de\/\" target=\"_blank\" rel=\"noopener\">Wikimedia Schweiz <\/a><\/li>\n<li><a href=\"https:\/\/www.facebook.com\/wikilovemachine\/\">Wiki Love Machine<\/a><\/li>\n<li><a href=\"https:\/\/de.wikipedia.org\/wiki\/Wikipedia:WomenEdit\">Women Edit Berlin<\/a><\/li>\n<\/ul>\n","protected":false},"excerpt":{"rendered":"<p>Who writes his_tory? sieht sich als Teil von Bewegungen und arbeitet eng mit anderen engagierten Schreiberinnen* und Gruppen zusammen, die interessiert sind am Austausch und an der strukturellen Einflussnahme auf Wikipedia. Wir suchen M\u00f6glichkeiten, auch kompliziertere Sachverhalte, Bilder und Biografien zu formulieren, zu st\u00e4rken und zu verankern und pl\u00e4dieren f\u00fcr gendergerechte und situationssensible Sprachen auf &hellip; <a href=\"https:\/\/whowriteshistory.me\/index.php\/community\/\" class=\"more-link\"><span class=\"screen-reader-text\">&#8222;Netzwerk&#8220; <\/span>weiterlesen<\/a><\/p>\n","protected":false},"author":1,"featured_media":0,"parent":0,"menu_order":0,"comment_status":"closed","ping_status":"closed","template":"","meta":[],"_links":{"self":[{"href":"https:\/\/whowriteshistory.me\/index.php\/wp-json\/wp\/v2\/pages\/4762"}],"collection":[{"href":"https:\/\/whowriteshistory.me\/index.php\/wp-json\/wp\/v2\/pages"}],"about":[{"href":"https:\/\/whowriteshistory.me\/index.php\/wp-json\/wp\/v2\/types\/page"}],"author":[{"embeddable":true,"href":"https:\/\/whowriteshistory.me\/index.php\/wp-json\/wp\/v2\/users\/1"}],"replies":[{"embeddable":true,"href":"https:\/\/whowriteshistory.me\/index.php\/wp-json\/wp\/v2\/comments?post=4762"}],"version-history":[{"count":37,"href":"https:\/\/whowriteshistory.me\/index.php\/wp-json\/wp\/v2\/pages\/4762\/revisions"}],"predecessor-version":[{"id":5174,"href":"https:\/\/whowriteshistory.me\/index.php\/wp-json\/wp\/v2\/pages\/4762\/revisions\/5174"}],"wp:attachment":[{"href":"https:\/\/whowriteshistory.me\/index.php\/wp-json\/wp\/v2\/media?parent=4762"}],"curies":[{"name":"wp","href":"https:\/\/api.w.org\/{rel}","templated":true}]}}